{"id":10,"date":"2024-06-05T07:09:14","date_gmt":"2024-06-05T07:09:14","guid":{"rendered":"https:\/\/gtm.zeus.umh.es\/presentacion\/"},"modified":"2024-07-31T10:13:46","modified_gmt":"2024-07-31T08:13:46","slug":"presentacion","status":"publish","type":"page","link":"https:\/\/gtm.umh.es\/en\/presentacion\/","title":{"rendered":"Presentaci\u00f3n"},"content":{"rendered":"<p>P\u00e1gina de presentaci\u00f3n de la unidad organizativa<\/p>","protected":false},"excerpt":{"rendered":"<p>P\u00e1gina de presentaci\u00f3n de la unidad organizativa<\/p>\n","protected":false},"author":1,"featured_media":0,"parent":0,"menu_order":0,"comment_status":"closed","ping_status":"open","template":"","meta":{"_links_to":"","_links_to_target":""},"_links":{"self":[{"href":"https:\/\/gtm.umh.es\/en\/wp-json\/wp\/v2\/pages\/10"}],"collection":[{"href":"https:\/\/gtm.umh.es\/en\/wp-json\/wp\/v2\/pages"}],"about":[{"href":"https:\/\/gtm.umh.es\/en\/wp-json\/wp\/v2\/types\/page"}],"author":[{"embeddable":true,"href":"https:\/\/gtm.umh.es\/en\/wp-json\/wp\/v2\/users\/1"}],"replies":[{"embeddable":true,"href":"https:\/\/gtm.umh.es\/en\/wp-json\/wp\/v2\/comments?post=10"}],"version-history":[{"count":0,"href":"https:\/\/gtm.umh.es\/en\/wp-json\/wp\/v2\/pages\/10\/revisions"}],"wp:attachment":[{"href":"https:\/\/gtm.umh.es\/en\/wp-json\/wp\/v2\/media?parent=10"}],"curies":[{"name":"wp","href":"https:\/\/api.w.org\/{rel}","templated":true}]}}